{"id":2044,"date":"2021-11-16T22:34:51","date_gmt":"2021-11-16T21:34:51","guid":{"rendered":"http:\/\/sportimist.com\/kreirajte-poster\/"},"modified":"2024-10-28T10:49:14","modified_gmt":"2024-10-28T09:49:14","slug":"kreirajte-poster","status":"publish","type":"page","link":"https:\/\/sportimist.com\/hr\/kreirajte-poster\/","title":{"rendered":"Kreirajte poster"},"content":{"rendered":"<div class=\"wpb-content-wrapper\"><p>[vc_row css=&#8221;.vc_custom_1602942153107{margin-bottom: 40px !important;padding-top: 70px !important;padding-bottom: 50px !important;background-color: #24292e !important;}&#8221; el_class=&#8221;poster-page-header&#8221;][vc_column][vc_custom_heading text=&#8221;Kreirajte poster&#8221; font_container=&#8221;tag:h1|font_size:54px|text_align:center|color:%23ffffff&#8221; google_fonts=&#8221;font_family:Roboto%3A100%2C100italic%2C300%2C300italic%2Cregular%2Citalic%2C500%2C500italic%2C700%2C700italic%2C900%2C900italic|font_style:900%20bold%20regular%3A900%3Anormal&#8221; css=&#8221;.vc_custom_1602932108655{margin-bottom: 0px !important;padding-bottom: 0px !important;}&#8221;][vc_custom_heading text=&#8221;Prati izradu u\u017eivo.<br \/>\nNa\u0161a ekipa \u0107e urediti fotografije.&#8221; font_container=&#8221;tag:h2|text_align:center|color:%23ffffff&#8221; use_theme_fonts=&#8221;yes&#8221; el_class=&#8221;container container-small header-subtitle&#8221;][\/vc_column][\/vc_row][vc_row el_class=&#8221;container home-products&#8221;][vc_column width=&#8221;1\/3&#8243;][vc_single_image image=&#8221;1640&#8243; img_size=&#8221;full&#8221; add_caption=&#8221;yes&#8221; alignment=&#8221;center&#8221; onclick=&#8221;custom_link&#8221; link=&#8221;https:\/\/sportimist.com\/hr\/izdelek\/poster-nogomet\/&#8221;][vc_btn title=&#8221;Izradi poster nogomet&#8221; size=&#8221;lg&#8221; align=&#8221;center&#8221; button_block=&#8221;true&#8221; link=&#8221;url:https%3A%2F%2Fsportimist.com%2Fhr%2Fizdelek%2Fposter-nogomet%2F|title:Poster%20%E2%80%93%20nogomet&#8221;][\/vc_column][vc_column width=&#8221;1\/3&#8243;][vc_single_image image=&#8221;1643&#8243; img_size=&#8221;full&#8221; add_caption=&#8221;yes&#8221; alignment=&#8221;center&#8221; onclick=&#8221;custom_link&#8221; link=&#8221;https:\/\/sportimist.com\/hr\/izdelek\/poster-kosarka-2\/&#8221;][vc_btn title=&#8221;Izradi poster ko\u0161arka&#8221; size=&#8221;lg&#8221; align=&#8221;center&#8221; button_block=&#8221;true&#8221; link=&#8221;url:https%3A%2F%2Fsportimist.com%2Fhr%2Fizdelek%2Fposter-kosarka-2%2F|title:Poster%20%E2%80%93%20ko%C5%A1arka|&#8221;][\/vc_column][vc_column width=&#8221;1\/3&#8243;][vc_single_image image=&#8221;1646&#8243; img_size=&#8221;full&#8221; add_caption=&#8221;yes&#8221; alignment=&#8221;center&#8221; onclick=&#8221;custom_link&#8221; link=&#8221;https:\/\/sportimist.com\/hr\/proizvod\/poster-rukomet\/&#8221;][vc_btn title=&#8221;Izradi poster rukomet&#8221; size=&#8221;lg&#8221; align=&#8221;center&#8221; button_block=&#8221;true&#8221; link=&#8221;url:https%3A%2F%2Fsportimist.com%2Fhr%2Fproizvod%2Fposter-rukomet%2F|title:Poster%20%E2%80%93%20rokomet&#8221;][\/vc_column][\/vc_row][vc_row el_class=&#8221;container home-products&#8221; css=&#8221;.vc_custom_1610872759757{padding-top: 10px !important;}&#8221;][vc_column width=&#8221;1\/3&#8243;][vc_single_image image=&#8221;1739&#8243; img_size=&#8221;full&#8221; add_caption=&#8221;yes&#8221; alignment=&#8221;center&#8221; onclick=&#8221;custom_link&#8221; link=&#8221;https:\/\/sportimist.com\/hr\/proizvod\/poster-tenis-2\/&#8221;][vc_btn title=&#8221;Izradi poster tenis&#8221; size=&#8221;lg&#8221; align=&#8221;center&#8221; button_block=&#8221;true&#8221; link=&#8221;url:https%3A%2F%2Fsportimist.com%2Fhr%2Fproizvod%2Fposter-tenis-2%2F|title:Poster%20%E2%80%93%20nogomet|&#8221;][\/vc_column][vc_column width=&#8221;1\/3&#8243;][vc_single_image image=&#8221;1742&#8243; img_size=&#8221;full&#8221; add_caption=&#8221;yes&#8221; alignment=&#8221;center&#8221; onclick=&#8221;custom_link&#8221; link=&#8221;https:\/\/sportimist.com\/hr\/proizvod\/poster-odbojka-2\/&#8221;][vc_btn title=&#8221;Izradi poster odbojka&#8221; size=&#8221;lg&#8221; align=&#8221;center&#8221; button_block=&#8221;true&#8221; link=&#8221;url:https%3A%2F%2Fsportimist.com%2Fhr%2Fproizvod%2Fposter-odbojka-2%2F|title:Poster%20%E2%80%93%20ko%C5%A1arka|&#8221;][\/vc_column][\/vc_row][vc_row el_class=&#8221;container recommend-poster&#8221;][vc_column][vc_column_text css=&#8221;.vc_custom_1653511609263{margin-top: 30px !important;padding-top: 50px !important;padding-bottom: 50px !important;background-image: url(https:\/\/sportimist.com\/wp-content\/uploads\/2020\/10\/home-banner-v2.jpg?id=1310) !important;}&#8221;]<\/p>\n<h3 style=\"text-align: center;\">PREDLO\u017dI SPORT<\/h3>\n<p style=\"text-align: center;\">Jo\u0161 nemamo poster za tvoj sport?<\/p>\n<p style=\"text-align: center;\"><a class=\"pum-933 popmake-predlagaj-sport\">PREDLO\u017dI GA<\/a><\/p>\n<p>[\/vc_column_text][\/vc_column][\/vc_row]<\/p>\n<\/div>","protected":false},"excerpt":{"rendered":"<p>[vc_row css=&#8221;.vc_custom_1602942153107{margin-bottom: 40px !important;padding-top: 70px !important;padding-bottom: 50px !important;background-color: #24292e !important;}&#8221; el_class=&#8221;poster-page-header&#8221;][vc_column][vc_custom_heading text=&#8221;Kreirajte poster&#8221; font_container=&#8221;tag:h1|font_size:54px|text_align:center|color:%23ffffff&#8221; google_fonts=&#8221;font_family:Roboto%3A100%2C100italic%2C300%2C300italic%2Cregular%2Citalic%2C500%2C500italic%2C700%2C700italic%2C900%2C900italic|font_style:900%20bold%20regular%3A900%3Anormal&#8221; css=&#8221;.vc_custom_1602932108655{margin-bottom: 0px !important;padding-bottom: 0px !important;}&#8221;][vc_custom_heading text=&#8221;Prati izradu u\u017eivo. Na\u0161a ekipa \u0107e urediti fotografije.&#8221; font_container=&#8221;tag:h2|text_align:center|color:%23ffffff&#8221; use_theme_fonts=&#8221;yes&#8221; el_class=&#8221;container container-small header-subtitle&#8221;][\/vc_column][\/vc_row][vc_row el_class=&#8221;container home-products&#8221;][vc_column width=&#8221;1\/3&#8243;][vc_single_image image=&#8221;1640&#8243; img_size=&#8221;full&#8221; add_caption=&#8221;yes&#8221; alignment=&#8221;center&#8221; onclick=&#8221;custom_link&#8221; link=&#8221;https:\/\/sportimist.com\/hr\/izdelek\/poster-nogomet\/&#8221;][vc_btn title=&#8221;Izradi poster nogomet&#8221; size=&#8221;lg&#8221; align=&#8221;center&#8221; button_block=&#8221;true&#8221; link=&#8221;url:https%3A%2F%2Fsportimist.com%2Fhr%2Fizdelek%2Fposter-nogomet%2F|title:Poster%20%E2%80%93%20nogomet&#8221;][\/vc_column][vc_column width=&#8221;1\/3&#8243;][vc_single_image image=&#8221;1643&#8243; img_size=&#8221;full&#8221; add_caption=&#8221;yes&#8221; alignment=&#8221;center&#8221; onclick=&#8221;custom_link&#8221;&hellip;&nbsp;<a href=\"https:\/\/sportimist.com\/hr\/kreirajte-poster\/\" class=\"\" rel=\"bookmark\">Read More &raquo;<span class=\"screen-reader-text\">Kreirajte poster<\/span><\/a><\/p>\n","protected":false},"author":2,"featured_media":0,"parent":0,"menu_order":0,"comment_status":"closed","ping_status":"closed","template":"","meta":{"neve_meta_sidebar":"full-width","neve_meta_container":"","neve_meta_enable_content_width":"on","neve_meta_content_width":100,"neve_meta_title_alignment":"","neve_meta_author_avatar":"","neve_post_elements_order":"","neve_meta_disable_header":"","neve_meta_disable_footer":"","neve_meta_disable_title":"","footnotes":""},"acf":[],"yoast_head":"<!-- This site is optimized with the Yoast SEO plugin v21.6 - https:\/\/yoast.com\/wordpress\/plugins\/seo\/ -->\n<title>Kreirajte poster - Sportimist<\/title>\n<meta name=\"robots\" content=\"index, follow, max-snippet:-1, max-image-preview:large, max-video-preview:-1\" \/>\n<link rel=\"canonical\" href=\"https:\/\/sportimist.com\/hr\/kreirajte-poster\/\" \/>\n<meta property=\"og:locale\" content=\"hr_HR\" \/>\n<meta property=\"og:type\" content=\"article\" \/>\n<meta property=\"og:title\" content=\"Kreirajte poster - Sportimist\" \/>\n<meta property=\"og:description\" content=\"[vc_row css=&#8221;.vc_custom_1602942153107{margin-bottom: 40px !important;padding-top: 70px !important;padding-bottom: 50px !important;background-color: #24292e !important;}&#8221; el_class=&#8221;poster-page-header&#8221;][vc_column][vc_custom_heading text=&#8221;Kreirajte poster&#8221; font_container=&#8221;tag:h1|font_size:54px|text_align:center|color:%23ffffff&#8221; google_fonts=&#8221;font_family:Roboto%3A100%2C100italic%2C300%2C300italic%2Cregular%2Citalic%2C500%2C500italic%2C700%2C700italic%2C900%2C900italic|font_style:900%20bold%20regular%3A900%3Anormal&#8221; css=&#8221;.vc_custom_1602932108655{margin-bottom: 0px !important;padding-bottom: 0px !important;}&#8221;][vc_custom_heading text=&#8221;Prati izradu u\u017eivo. Na\u0161a ekipa \u0107e urediti fotografije.&#8221; font_container=&#8221;tag:h2|text_align:center|color:%23ffffff&#8221; use_theme_fonts=&#8221;yes&#8221; el_class=&#8221;container container-small header-subtitle&#8221;][\/vc_column][\/vc_row][vc_row el_class=&#8221;container home-products&#8221;][vc_column width=&#8221;1\/3&#8243;][vc_single_image image=&#8221;1640&#8243; img_size=&#8221;full&#8221; add_caption=&#8221;yes&#8221; alignment=&#8221;center&#8221; onclick=&#8221;custom_link&#8221; link=&#8221;https:\/\/sportimist.com\/hr\/izdelek\/poster-nogomet\/&#8221;][vc_btn title=&#8221;Izradi poster nogomet&#8221; size=&#8221;lg&#8221; align=&#8221;center&#8221; button_block=&#8221;true&#8221; link=&#8221;url:https%3A%2F%2Fsportimist.com%2Fhr%2Fizdelek%2Fposter-nogomet%2F|title:Poster%20%E2%80%93%20nogomet&#8221;][\/vc_column][vc_column width=&#8221;1\/3&#8243;][vc_single_image image=&#8221;1643&#8243; img_size=&#8221;full&#8221; add_caption=&#8221;yes&#8221; alignment=&#8221;center&#8221; onclick=&#8221;custom_link&#8221;&hellip;&nbsp;Read More &raquo;Kreirajte poster\" \/>\n<meta property=\"og:url\" content=\"https:\/\/sportimist.com\/hr\/kreirajte-poster\/\" \/>\n<meta property=\"og:site_name\" content=\"Sportimist\" \/>\n<meta property=\"article:modified_time\" content=\"2024-10-28T09:49:14+00:00\" \/>\n<meta name=\"twitter:card\" content=\"summary_large_image\" \/>\n<meta name=\"twitter:label1\" content=\"Procijenjeno vrijeme \u010ditanja\" \/>\n\t<meta name=\"twitter:data1\" content=\"1 minuta\" \/>\n<script type=\"application\/ld+json\" class=\"yoast-schema-graph\">{\"@context\":\"https:\/\/schema.org\",\"@graph\":[{\"@type\":\"WebPage\",\"@id\":\"https:\/\/sportimist.com\/hr\/kreirajte-poster\/\",\"url\":\"https:\/\/sportimist.com\/hr\/kreirajte-poster\/\",\"name\":\"Kreirajte poster - Sportimist\",\"isPartOf\":{\"@id\":\"https:\/\/sportimist.com\/#website\"},\"datePublished\":\"2021-11-16T21:34:51+00:00\",\"dateModified\":\"2024-10-28T09:49:14+00:00\",\"breadcrumb\":{\"@id\":\"https:\/\/sportimist.com\/hr\/kreirajte-poster\/#breadcrumb\"},\"inLanguage\":\"hr\",\"potentialAction\":[{\"@type\":\"ReadAction\",\"target\":[\"https:\/\/sportimist.com\/hr\/kreirajte-poster\/\"]}]},{\"@type\":\"BreadcrumbList\",\"@id\":\"https:\/\/sportimist.com\/hr\/kreirajte-poster\/#breadcrumb\",\"itemListElement\":[{\"@type\":\"ListItem\",\"position\":1,\"name\":\"Home\",\"item\":\"https:\/\/sportimist.com\/hr\/\"},{\"@type\":\"ListItem\",\"position\":2,\"name\":\"Kreirajte poster\"}]},{\"@type\":\"WebSite\",\"@id\":\"https:\/\/sportimist.com\/#website\",\"url\":\"https:\/\/sportimist.com\/\",\"name\":\"Sportimist\",\"description\":\"Personalizirani \u0161portni premium posterji.\",\"publisher\":{\"@id\":\"https:\/\/sportimist.com\/#organization\"},\"potentialAction\":[{\"@type\":\"SearchAction\",\"target\":{\"@type\":\"EntryPoint\",\"urlTemplate\":\"https:\/\/sportimist.com\/?s={search_term_string}\"},\"query-input\":\"required name=search_term_string\"}],\"inLanguage\":\"hr\"},{\"@type\":\"Organization\",\"@id\":\"https:\/\/sportimist.com\/#organization\",\"name\":\"Sportimist\",\"url\":\"https:\/\/sportimist.com\/\",\"logo\":{\"@type\":\"ImageObject\",\"inLanguage\":\"hr\",\"@id\":\"https:\/\/sportimist.com\/#\/schema\/logo\/image\/\",\"url\":\"https:\/\/sportimist.com\/wp-content\/uploads\/2020\/10\/sportmist.logo_.png\",\"contentUrl\":\"https:\/\/sportimist.com\/wp-content\/uploads\/2020\/10\/sportmist.logo_.png\",\"width\":500,\"height\":125,\"caption\":\"Sportimist\"},\"image\":{\"@id\":\"https:\/\/sportimist.com\/#\/schema\/logo\/image\/\"}}]}<\/script>\n<!-- \/ Yoast SEO plugin. -->","yoast_head_json":{"title":"Kreirajte poster - Sportimist","robots":{"index":"index","follow":"follow","max-snippet":"max-snippet:-1","max-image-preview":"max-image-preview:large","max-video-preview":"max-video-preview:-1"},"canonical":"https:\/\/sportimist.com\/hr\/kreirajte-poster\/","og_locale":"hr_HR","og_type":"article","og_title":"Kreirajte poster - Sportimist","og_description":"[vc_row css=&#8221;.vc_custom_1602942153107{margin-bottom: 40px !important;padding-top: 70px !important;padding-bottom: 50px !important;background-color: #24292e !important;}&#8221; el_class=&#8221;poster-page-header&#8221;][vc_column][vc_custom_heading text=&#8221;Kreirajte poster&#8221; font_container=&#8221;tag:h1|font_size:54px|text_align:center|color:%23ffffff&#8221; google_fonts=&#8221;font_family:Roboto%3A100%2C100italic%2C300%2C300italic%2Cregular%2Citalic%2C500%2C500italic%2C700%2C700italic%2C900%2C900italic|font_style:900%20bold%20regular%3A900%3Anormal&#8221; css=&#8221;.vc_custom_1602932108655{margin-bottom: 0px !important;padding-bottom: 0px !important;}&#8221;][vc_custom_heading text=&#8221;Prati izradu u\u017eivo. Na\u0161a ekipa \u0107e urediti fotografije.&#8221; font_container=&#8221;tag:h2|text_align:center|color:%23ffffff&#8221; use_theme_fonts=&#8221;yes&#8221; el_class=&#8221;container container-small header-subtitle&#8221;][\/vc_column][\/vc_row][vc_row el_class=&#8221;container home-products&#8221;][vc_column width=&#8221;1\/3&#8243;][vc_single_image image=&#8221;1640&#8243; img_size=&#8221;full&#8221; add_caption=&#8221;yes&#8221; alignment=&#8221;center&#8221; onclick=&#8221;custom_link&#8221; link=&#8221;https:\/\/sportimist.com\/hr\/izdelek\/poster-nogomet\/&#8221;][vc_btn title=&#8221;Izradi poster nogomet&#8221; size=&#8221;lg&#8221; align=&#8221;center&#8221; button_block=&#8221;true&#8221; link=&#8221;url:https%3A%2F%2Fsportimist.com%2Fhr%2Fizdelek%2Fposter-nogomet%2F|title:Poster%20%E2%80%93%20nogomet&#8221;][\/vc_column][vc_column width=&#8221;1\/3&#8243;][vc_single_image image=&#8221;1643&#8243; img_size=&#8221;full&#8221; add_caption=&#8221;yes&#8221; alignment=&#8221;center&#8221; onclick=&#8221;custom_link&#8221;&hellip;&nbsp;Read More &raquo;Kreirajte poster","og_url":"https:\/\/sportimist.com\/hr\/kreirajte-poster\/","og_site_name":"Sportimist","article_modified_time":"2024-10-28T09:49:14+00:00","twitter_card":"summary_large_image","twitter_misc":{"Procijenjeno vrijeme \u010ditanja":"1 minuta"},"schema":{"@context":"https:\/\/schema.org","@graph":[{"@type":"WebPage","@id":"https:\/\/sportimist.com\/hr\/kreirajte-poster\/","url":"https:\/\/sportimist.com\/hr\/kreirajte-poster\/","name":"Kreirajte poster - Sportimist","isPartOf":{"@id":"https:\/\/sportimist.com\/#website"},"datePublished":"2021-11-16T21:34:51+00:00","dateModified":"2024-10-28T09:49:14+00:00","breadcrumb":{"@id":"https:\/\/sportimist.com\/hr\/kreirajte-poster\/#breadcrumb"},"inLanguage":"hr","potentialAction":[{"@type":"ReadAction","target":["https:\/\/sportimist.com\/hr\/kreirajte-poster\/"]}]},{"@type":"BreadcrumbList","@id":"https:\/\/sportimist.com\/hr\/kreirajte-poster\/#breadcrumb","itemListElement":[{"@type":"ListItem","position":1,"name":"Home","item":"https:\/\/sportimist.com\/hr\/"},{"@type":"ListItem","position":2,"name":"Kreirajte poster"}]},{"@type":"WebSite","@id":"https:\/\/sportimist.com\/#website","url":"https:\/\/sportimist.com\/","name":"Sportimist","description":"Personalizirani \u0161portni premium posterji.","publisher":{"@id":"https:\/\/sportimist.com\/#organization"},"potentialAction":[{"@type":"SearchAction","target":{"@type":"EntryPoint","urlTemplate":"https:\/\/sportimist.com\/?s={search_term_string}"},"query-input":"required name=search_term_string"}],"inLanguage":"hr"},{"@type":"Organization","@id":"https:\/\/sportimist.com\/#organization","name":"Sportimist","url":"https:\/\/sportimist.com\/","logo":{"@type":"ImageObject","inLanguage":"hr","@id":"https:\/\/sportimist.com\/#\/schema\/logo\/image\/","url":"https:\/\/sportimist.com\/wp-content\/uploads\/2020\/10\/sportmist.logo_.png","contentUrl":"https:\/\/sportimist.com\/wp-content\/uploads\/2020\/10\/sportmist.logo_.png","width":500,"height":125,"caption":"Sportimist"},"image":{"@id":"https:\/\/sportimist.com\/#\/schema\/logo\/image\/"}}]}},"_links":{"self":[{"href":"https:\/\/sportimist.com\/hr\/wp-json\/wp\/v2\/pages\/2044"}],"collection":[{"href":"https:\/\/sportimist.com\/hr\/wp-json\/wp\/v2\/pages"}],"about":[{"href":"https:\/\/sportimist.com\/hr\/wp-json\/wp\/v2\/types\/page"}],"author":[{"embeddable":true,"href":"https:\/\/sportimist.com\/hr\/wp-json\/wp\/v2\/users\/2"}],"replies":[{"embeddable":true,"href":"https:\/\/sportimist.com\/hr\/wp-json\/wp\/v2\/comments?post=2044"}],"version-history":[{"count":0,"href":"https:\/\/sportimist.com\/hr\/wp-json\/wp\/v2\/pages\/2044\/revisions"}],"wp:attachment":[{"href":"https:\/\/sportimist.com\/hr\/wp-json\/wp\/v2\/media?parent=2044"}],"curies":[{"name":"wp","href":"https:\/\/api.w.org\/{rel}","templated":true}]}}